{"id":2,"date":"2025-03-07T17:24:42","date_gmt":"2025-03-07T20:24:42","guid":{"rendered":"http:\/\/motaseg.com\/?page_id=2"},"modified":"2025-03-18T17:03:09","modified_gmt":"2025-03-18T20:03:09","slug":"pagina-exemplo","status":"publish","type":"page","link":"https:\/\/motaseg.com\/?page_id=2","title":{"rendered":"HOME"},"content":{"rendered":"\n<p class=\"has-text-align-left has-contrast-color has-text-color has-link-color wp-elements-f1a77529513c2c55284b870d4185d7a8\">A <strong>MOTASEG<\/strong> <strong>Regula\u00e7\u00f5es de Vistorias e  Servi\u00e7os <\/strong>\u00e9 uma empresa especializada em regula\u00e7\u00e3o e vistoria de sinistros, atuando no mercado segurador desde maio de 2015. Com expertise em sinistros de grande, m\u00e9dio e pequeno porte nos segmentos automotivo e ramos elementares, garantimos um servi\u00e7o t\u00e9cnico preciso e \u00e1gil.<\/p>\n\n\n\n<p class=\"has-text-align-left has-contrast-color has-text-color has-link-color wp-elements-5294f9d6ae3f790cdf555c0dc7da0884\">Nosso compromisso \u00e9 oferecer avalia\u00e7\u00f5es detalhadas e confi\u00e1veis, analisando danos materiais com rigor t\u00e9cnico. Atuamos com profissionalismo na coleta de informa\u00e7\u00f5es, entrevistas e provas t\u00e9cnicas, assegurando a elabora\u00e7\u00e3o de relat\u00f3rios completos e fundamentados. Nosso objetivo \u00e9 garantir uma indeniza\u00e7\u00e3o justa e r\u00e1pida para nossos clientes.<\/p>\n\n\n\n<p class=\"has-text-align-left has-contrast-color has-text-color has-link-color wp-elements-c163d70a7002a74d183ef91b2ec24257\">Em 2019 entramos para o ramo de repara\u00e7\u00e3o para as Cias de seguros atendendo com excel\u00eancia repara\u00e7\u00f5es de Eletrodom\u00e9sticos e Prediais.<\/p>\n","protected":false},"excerpt":{"rendered":"<p>A MOTASEG Regula\u00e7\u00f5es de Vistorias e Servi\u00e7os \u00e9 uma empresa especializada em regula\u00e7\u00e3o e vistoria de sinistros, atuando no mercado segurador desde maio de 2015. Com expertise em sinistros de grande, m\u00e9dio e pequeno porte nos segmentos automotivo e ramos elementares, garantimos um servi\u00e7o t\u00e9cnico preciso e \u00e1gil. Nosso compromisso \u00e9 oferecer avalia\u00e7\u00f5es detalhadas e [&hellip;]<\/p>\n","protected":false},"author":1,"featured_media":24,"parent":0,"menu_order":0,"comment_status":"closed","ping_status":"open","template":"","meta":{"footnotes":""},"class_list":["post-2","page","type-page","status-publish","has-post-thumbnail","hentry"],"_links":{"self":[{"href":"https:\/\/motaseg.com\/index.php?rest_route=\/wp\/v2\/pages\/2","targetHints":{"allow":["GET"]}}],"collection":[{"href":"https:\/\/motaseg.com\/index.php?rest_route=\/wp\/v2\/pages"}],"about":[{"href":"https:\/\/motaseg.com\/index.php?rest_route=\/wp\/v2\/types\/page"}],"author":[{"embeddable":true,"href":"https:\/\/motaseg.com\/index.php?rest_route=\/wp\/v2\/users\/1"}],"replies":[{"embeddable":true,"href":"https:\/\/motaseg.com\/index.php?rest_route=%2Fwp%2Fv2%2Fcomments&post=2"}],"version-history":[{"count":4,"href":"https:\/\/motaseg.com\/index.php?rest_route=\/wp\/v2\/pages\/2\/revisions"}],"predecessor-version":[{"id":32,"href":"https:\/\/motaseg.com\/index.php?rest_route=\/wp\/v2\/pages\/2\/revisions\/32"}],"wp:featuredmedia":[{"embeddable":true,"href":"https:\/\/motaseg.com\/index.php?rest_route=\/wp\/v2\/media\/24"}],"wp:attachment":[{"href":"https:\/\/motaseg.com\/index.php?rest_route=%2Fwp%2Fv2%2Fmedia&parent=2"}],"curies":[{"name":"wp","href":"https:\/\/api.w.org\/{rel}","templated":true}]}}